{"id":908,"date":"2025-03-04T10:20:32","date_gmt":"2025-03-04T10:20:32","guid":{"rendered":"https:\/\/test.italianbags.lt\/?page_id=908"},"modified":"2025-03-04T10:20:32","modified_gmt":"2025-03-04T10:20:32","slug":"parduotuve","status":"publish","type":"page","link":"https:\/\/test.italianbags.lt\/?page_id=908","title":{"rendered":"parduotuv\u0117"},"content":{"rendered":"<div class=\"wpb-content-wrapper\"><p>[vc_row][vc_column]\t\t\t<div id=\"\" class=\"wd-products-element wd-rs-67c6d3ec34f48 wd-wpb\">\n\t\t\t\n\t\t\n\t\t\t\t\t<div class=\"products wd-products  grid-columns-4 elements-grid wd-grid-g\" data-paged=\"1\" data-atts=\"{&quot;sale_countdown&quot;:&quot;0&quot;,&quot;stock_progress_bar&quot;:&quot;0&quot;,&quot;highlighted_products&quot;:&quot;0&quot;,&quot;products_bordered_grid&quot;:&quot;0&quot;,&quot;products_with_background&quot;:&quot;0&quot;,&quot;products_shadow&quot;:&quot;0&quot;,&quot;woodmart_css_id&quot;:&quot;67c6d3ec34f48&quot;,&quot;force_not_ajax&quot;:&quot;no&quot;}\" data-source=\"shortcode\" data-columns=\"4\" data-grid-gallery=\"\" style=\"--wd-col-lg:4;--wd-col-md:4;--wd-col-sm:2;--wd-gap-lg:20px;--wd-gap-sm:10px;\">\n\t\t\t<div class=\"wd-product wd-hover-base wd-hover-with-fade wd-col product-grid-item product product-no-swatches type-product post-886 status-publish instock has-post-thumbnail shipping-taxable purchasable product-type-variation\" data-loop=\"1\" data-id=\"886\">\n\t\n\t\n<div class=\"product-wrapper\">\n\t<div class=\"content-product-imagin\"><\/div>\n\t<div class=\"product-element-top wd-quick-shop\">\n\t\t<a href=\"https:\/\/test.italianbags.lt\/?product=odine-rankine-armina&#038;attribute_spalva=Juoda\" class=\"product-image-link\">\n\t\t\t<img loading=\"lazy\" decoding=\"async\" width=\"300\" height=\"300\" src=\"https:\/\/test.italianbags.lt\/wp-content\/uploads\/2025\/03\/IMG_0300-2-300x300.jpg\" class=\"attachment-woocommerce_thumbnail size-woocommerce_thumbnail wvs-archive-product-image\" alt=\"\" srcset=\"https:\/\/test.italianbags.lt\/wp-content\/uploads\/2025\/03\/IMG_0300-2-300x300.jpg 300w, https:\/\/test.italianbags.lt\/wp-content\/uploads\/2025\/03\/IMG_0300-2-1024x1024.jpg 1024w, https:\/\/test.italianbags.lt\/wp-content\/uploads\/2025\/03\/IMG_0300-2-150x150.jpg 150w, https:\/\/test.italianbags.lt\/wp-content\/uploads\/2025\/03\/IMG_0300-2-768x768.jpg 768w, https:\/\/test.italianbags.lt\/wp-content\/uploads\/2025\/03\/IMG_0300-2-1536x1536.jpg 1536w, https:\/\/test.italianbags.lt\/wp-content\/uploads\/2025\/03\/IMG_0300-2-2048x2048.jpg 2048w, https:\/\/test.italianbags.lt\/wp-content\/uploads\/2025\/03\/IMG_0300-2-600x600.jpg 600w\" sizes=\"auto, (max-width: 300px) 100vw, 300px\" \/>\t\t<\/a>\n\n\t\t\t\t\t<div class=\"hover-img\">\n\t\t\t\t<a href=\"https:\/\/test.italianbags.lt\/?product=odine-rankine-armina&#038;attribute_spalva=Juoda\" aria-label=\"Product image\">\n\t\t\t\t\t<img loading=\"lazy\" decoding=\"async\" width=\"300\" height=\"300\" src=\"https:\/\/test.italianbags.lt\/wp-content\/uploads\/2025\/03\/IMG_0301-2-300x300.jpg\" class=\"attachment-woocommerce_thumbnail size-woocommerce_thumbnail wvs-archive-product-image\" alt=\"\" srcset=\"https:\/\/test.italianbags.lt\/wp-content\/uploads\/2025\/03\/IMG_0301-2-300x300.jpg 300w, https:\/\/test.italianbags.lt\/wp-content\/uploads\/2025\/03\/IMG_0301-2-1024x1024.jpg 1024w, https:\/\/test.italianbags.lt\/wp-content\/uploads\/2025\/03\/IMG_0301-2-150x150.jpg 150w, https:\/\/test.italianbags.lt\/wp-content\/uploads\/2025\/03\/IMG_0301-2-768x768.jpg 768w, https:\/\/test.italianbags.lt\/wp-content\/uploads\/2025\/03\/IMG_0301-2-1536x1536.jpg 1536w, https:\/\/test.italianbags.lt\/wp-content\/uploads\/2025\/03\/IMG_0301-2-2048x2048.jpg 2048w, https:\/\/test.italianbags.lt\/wp-content\/uploads\/2025\/03\/IMG_0301-2-600x600.jpg 600w\" sizes=\"auto, (max-width: 300px) 100vw, 300px\" \/>\t\t\t\t<\/a>\n\t\t\t<\/div>\n\t\t\t\n\t\t<div class=\"wrapp-swatches\">\t\t<div class=\"wd-compare-btn product-compare-button wd-action-btn wd-style-icon wd-compare-icon\">\n\t\t\t<a href=\"https:\/\/test.italianbags.lt\/?product=odine-rankine-armina&#038;attribute_spalva=Juoda\" data-id=\"886\" rel=\"nofollow\" data-added-text=\"Compare products\">\n\t\t\t\t<span>Compare<\/span>\n\t\t\t<\/a>\n\t\t<\/div>\n\t\t<\/div>\n\n\t<\/div>\n\n\t<div class=\"product-element-bottom product-information\">\n\t\t<h3 class=\"wd-entities-title\"><a href=\"https:\/\/test.italianbags.lt\/?product=odine-rankine-armina&attribute_spalva=Juoda\">Odin\u0117 rankin\u0117 ARMINA &#8211; Juoda<\/a><\/h3>\t\t\t\t<div class=\"wd-product-cats\">\n\t\t\t<a href=\"https:\/\/test.italianbags.lt\/?product_cat=odines-rankines\" rel=\"tag\">Odin\u0117s rankin\u0117s<\/a>\t\t<\/div>\n\t\t\t\t<div class=\"product-rating-price\">\n\t\t\t<div class=\"wrapp-product-price\">\n\t\t\t\t\n\t<span class=\"price\"><span class=\"woocommerce-Price-amount amount\"><bdi><span class=\"woocommerce-Price-currencySymbol\">&#36;<\/span>54.00<\/bdi><\/span><\/span>\n\t\t\t\t\t\t\t<\/div>\n\t\t<\/div>\n\t\t<div class=\"fade-in-block wd-scroll\">\n\t\t\t<div class=\"hover-content wd-more-desc\">\n\t\t\t\t<div class=\"hover-content-inner wd-more-desc-inner\">\n\t\t\t\t\tSpalva: Juoda\t\t\t\t<\/div>\n\t\t\t\t<a href=\"#\" rel=\"nofollow\" class=\"wd-more-desc-btn\" aria-label=\"Read more description\"><\/a>\n\t\t\t<\/div>\n\t\t\t<div class=\" wd-bottom-actions\">\n\t\t\t\t<div class=\"wrap-wishlist-button\">\t\t\t<div class=\"wd-wishlist-btn wd-action-btn wd-style-icon wd-wishlist-icon\">\n\t\t\t\t<a class=\"\" href=\"https:\/\/test.italianbags.lt\/?product=odine-rankine-armina&#038;attribute_spalva=Juoda\" data-key=\"53224d65a7\" data-product-id=\"886\" rel=\"nofollow\" data-added-text=\"Browse Wishlist\">\n\t\t\t\t\t<span>Add to wishlist<\/span>\n\t\t\t\t<\/a>\n\t\t\t<\/div>\n\t\t<\/div>\n\t\t\t\t<div class=\"wd-add-btn wd-add-btn-replace\">\n\t\t\t\t\t<a href=\"https:\/\/test.italianbags.lt\/?product=odine-rankine-armina&#038;attribute_spalva=Juoda&#038;variation_id=886&#038;add-to-cart=870\" aria-describedby=\"woocommerce_loop_add_to_cart_link_describedby_886\" data-quantity=\"1\" class=\"button product_type_variation add_to_cart_button ajax_add_to_cart add-to-cart-loop\" data-product_id=\"886\" data-product_sku=\"\" aria-label=\"Add to cart: &ldquo;Odin\u0117 rankin\u0117 ARMINA - Juoda&rdquo;\" rel=\"nofollow\" data-success_message=\"&ldquo;Odin\u0117 rankin\u0117 ARMINA - Juoda&rdquo; has been added to your cart\"><span>Add to cart<\/span><\/a>\t<span id=\"woocommerce_loop_add_to_cart_link_describedby_886\" class=\"screen-reader-text\">\n\t\t\t<\/span>\n\t\t\t\t\t\t\t\t\t<\/div>\n\t\t\t\t<div class=\"wrap-quickview-button\">\t\t<div class=\"quick-view wd-action-btn wd-style-icon wd-quick-view-icon\">\n\t\t\t<a\n\t\t\t\thref=\"https:\/\/test.italianbags.lt\/?product=odine-rankine-armina&#038;attribute_spalva=Juoda\"\n\t\t\t\tclass=\"open-quick-view quick-view-button\"\n\t\t\t\trel=\"nofollow\"\n\t\t\t\tdata-id=\"886\"\n\t\t\t\tdata-attribute='{\"attribute_spalva\":\"Juoda\"}'>Quick view<\/a>\n\t\t<\/div>\n\t\t<\/div>\n\t\t\t<\/div>\n\n\n\t\t\t\t\t\t\n\t\t\t\t\t<\/div>\n\t<\/div>\n<\/div>\n<\/div>\n<div class=\"wd-product wd-hover-base wd-hover-with-fade wd-col product-grid-item product product-no-swatches type-product post-885 status-publish instock has-post-thumbnail shipping-taxable purchasable product-type-variation\" data-loop=\"2\" data-id=\"885\">\n\t\n\t\n<div class=\"product-wrapper\">\n\t<div class=\"content-product-imagin\"><\/div>\n\t<div class=\"product-element-top wd-quick-shop\">\n\t\t<a href=\"https:\/\/test.italianbags.lt\/?product=odine-rankine-armina&#038;attribute_spalva=Melsva\" class=\"product-image-link\">\n\t\t\t<img loading=\"lazy\" decoding=\"async\" width=\"300\" height=\"300\" src=\"https:\/\/test.italianbags.lt\/wp-content\/uploads\/2025\/03\/IMG_0293-2-300x300.jpg\" class=\"attachment-woocommerce_thumbnail size-woocommerce_thumbnail wvs-archive-product-image\" alt=\"\" srcset=\"https:\/\/test.italianbags.lt\/wp-content\/uploads\/2025\/03\/IMG_0293-2-300x300.jpg 300w, https:\/\/test.italianbags.lt\/wp-content\/uploads\/2025\/03\/IMG_0293-2-1024x1024.jpg 1024w, https:\/\/test.italianbags.lt\/wp-content\/uploads\/2025\/03\/IMG_0293-2-150x150.jpg 150w, https:\/\/test.italianbags.lt\/wp-content\/uploads\/2025\/03\/IMG_0293-2-768x768.jpg 768w, https:\/\/test.italianbags.lt\/wp-content\/uploads\/2025\/03\/IMG_0293-2-1536x1536.jpg 1536w, https:\/\/test.italianbags.lt\/wp-content\/uploads\/2025\/03\/IMG_0293-2-2048x2048.jpg 2048w, https:\/\/test.italianbags.lt\/wp-content\/uploads\/2025\/03\/IMG_0293-2-600x600.jpg 600w\" sizes=\"auto, (max-width: 300px) 100vw, 300px\" \/>\t\t<\/a>\n\n\t\t\t\t\t<div class=\"hover-img\">\n\t\t\t\t<a href=\"https:\/\/test.italianbags.lt\/?product=odine-rankine-armina&#038;attribute_spalva=Melsva\" aria-label=\"Product image\">\n\t\t\t\t\t<img loading=\"lazy\" decoding=\"async\" width=\"300\" height=\"300\" src=\"https:\/\/test.italianbags.lt\/wp-content\/uploads\/2025\/03\/IMG_0298-2-300x300.jpg\" class=\"attachment-woocommerce_thumbnail size-woocommerce_thumbnail wvs-archive-product-image\" alt=\"\" srcset=\"https:\/\/test.italianbags.lt\/wp-content\/uploads\/2025\/03\/IMG_0298-2-300x300.jpg 300w, https:\/\/test.italianbags.lt\/wp-content\/uploads\/2025\/03\/IMG_0298-2-1024x1024.jpg 1024w, https:\/\/test.italianbags.lt\/wp-content\/uploads\/2025\/03\/IMG_0298-2-150x150.jpg 150w, https:\/\/test.italianbags.lt\/wp-content\/uploads\/2025\/03\/IMG_0298-2-768x768.jpg 768w, https:\/\/test.italianbags.lt\/wp-content\/uploads\/2025\/03\/IMG_0298-2-1536x1536.jpg 1536w, https:\/\/test.italianbags.lt\/wp-content\/uploads\/2025\/03\/IMG_0298-2-2048x2048.jpg 2048w, https:\/\/test.italianbags.lt\/wp-content\/uploads\/2025\/03\/IMG_0298-2-600x600.jpg 600w\" sizes=\"auto, (max-width: 300px) 100vw, 300px\" \/>\t\t\t\t<\/a>\n\t\t\t<\/div>\n\t\t\t\n\t\t<div class=\"wrapp-swatches\">\t\t<div class=\"wd-compare-btn product-compare-button wd-action-btn wd-style-icon wd-compare-icon\">\n\t\t\t<a href=\"https:\/\/test.italianbags.lt\/?product=odine-rankine-armina&#038;attribute_spalva=Melsva\" data-id=\"885\" rel=\"nofollow\" data-added-text=\"Compare products\">\n\t\t\t\t<span>Compare<\/span>\n\t\t\t<\/a>\n\t\t<\/div>\n\t\t<\/div>\n\n\t<\/div>\n\n\t<div class=\"product-element-bottom product-information\">\n\t\t<h3 class=\"wd-entities-title\"><a href=\"https:\/\/test.italianbags.lt\/?product=odine-rankine-armina&attribute_spalva=Melsva\">Odin\u0117 rankin\u0117 ARMINA &#8211; Melsva<\/a><\/h3>\t\t\t\t<div class=\"wd-product-cats\">\n\t\t\t<a href=\"https:\/\/test.italianbags.lt\/?product_cat=odines-rankines\" rel=\"tag\">Odin\u0117s rankin\u0117s<\/a>\t\t<\/div>\n\t\t\t\t<div class=\"product-rating-price\">\n\t\t\t<div class=\"wrapp-product-price\">\n\t\t\t\t\n\t<span class=\"price\"><span class=\"woocommerce-Price-amount amount\"><bdi><span class=\"woocommerce-Price-currencySymbol\">&#36;<\/span>54.00<\/bdi><\/span><\/span>\n\t\t\t\t\t\t\t<\/div>\n\t\t<\/div>\n\t\t<div class=\"fade-in-block wd-scroll\">\n\t\t\t<div class=\"hover-content wd-more-desc\">\n\t\t\t\t<div class=\"hover-content-inner wd-more-desc-inner\">\n\t\t\t\t\tSpalva: Melsva\t\t\t\t<\/div>\n\t\t\t\t<a href=\"#\" rel=\"nofollow\" class=\"wd-more-desc-btn\" aria-label=\"Read more description\"><\/a>\n\t\t\t<\/div>\n\t\t\t<div class=\" wd-bottom-actions\">\n\t\t\t\t<div class=\"wrap-wishlist-button\">\t\t\t<div class=\"wd-wishlist-btn wd-action-btn wd-style-icon wd-wishlist-icon\">\n\t\t\t\t<a class=\"\" href=\"https:\/\/test.italianbags.lt\/?product=odine-rankine-armina&#038;attribute_spalva=Melsva\" data-key=\"53224d65a7\" data-product-id=\"885\" rel=\"nofollow\" data-added-text=\"Browse Wishlist\">\n\t\t\t\t\t<span>Add to wishlist<\/span>\n\t\t\t\t<\/a>\n\t\t\t<\/div>\n\t\t<\/div>\n\t\t\t\t<div class=\"wd-add-btn wd-add-btn-replace\">\n\t\t\t\t\t<a href=\"https:\/\/test.italianbags.lt\/?product=odine-rankine-armina&#038;attribute_spalva=Melsva&#038;variation_id=885&#038;add-to-cart=870\" aria-describedby=\"woocommerce_loop_add_to_cart_link_describedby_885\" data-quantity=\"1\" class=\"button product_type_variation add_to_cart_button ajax_add_to_cart add-to-cart-loop\" data-product_id=\"885\" data-product_sku=\"\" aria-label=\"Add to cart: &ldquo;Odin\u0117 rankin\u0117 ARMINA - Melsva&rdquo;\" rel=\"nofollow\" data-success_message=\"&ldquo;Odin\u0117 rankin\u0117 ARMINA - Melsva&rdquo; has been added to your cart\"><span>Add to cart<\/span><\/a>\t<span id=\"woocommerce_loop_add_to_cart_link_describedby_885\" class=\"screen-reader-text\">\n\t\t\t<\/span>\n\t\t\t\t\t\t\t\t\t<\/div>\n\t\t\t\t<div class=\"wrap-quickview-button\">\t\t<div class=\"quick-view wd-action-btn wd-style-icon wd-quick-view-icon\">\n\t\t\t<a\n\t\t\t\thref=\"https:\/\/test.italianbags.lt\/?product=odine-rankine-armina&#038;attribute_spalva=Melsva\"\n\t\t\t\tclass=\"open-quick-view quick-view-button\"\n\t\t\t\trel=\"nofollow\"\n\t\t\t\tdata-id=\"885\"\n\t\t\t\tdata-attribute='{\"attribute_spalva\":\"Melsva\"}'>Quick view<\/a>\n\t\t<\/div>\n\t\t<\/div>\n\t\t\t<\/div>\n\n\n\t\t\t\t\t\t\n\t\t\t\t\t<\/div>\n\t<\/div>\n<\/div>\n<\/div>\n<div class=\"wd-product wd-hover-base wd-hover-with-fade wd-col product-grid-item product product-no-swatches type-product post-882 status-publish last instock has-post-thumbnail shipping-taxable purchasable product-type-variation\" data-loop=\"3\" data-id=\"882\">\n\t\n\t\n<div class=\"product-wrapper\">\n\t<div class=\"content-product-imagin\"><\/div>\n\t<div class=\"product-element-top wd-quick-shop\">\n\t\t<a href=\"https:\/\/test.italianbags.lt\/?product=odine-rankine-armina&#038;attribute_spalva=Ro%C5%BEin%C4%97\" class=\"product-image-link\">\n\t\t\t<img loading=\"lazy\" decoding=\"async\" width=\"300\" height=\"300\" src=\"https:\/\/test.italianbags.lt\/wp-content\/uploads\/2025\/03\/ARMINA_85758D_1-300x300.jpg\" class=\"attachment-woocommerce_thumbnail size-woocommerce_thumbnail wvs-archive-product-image\" alt=\"\" srcset=\"https:\/\/test.italianbags.lt\/wp-content\/uploads\/2025\/03\/ARMINA_85758D_1-300x300.jpg 300w, https:\/\/test.italianbags.lt\/wp-content\/uploads\/2025\/03\/ARMINA_85758D_1-1024x1024.jpg 1024w, https:\/\/test.italianbags.lt\/wp-content\/uploads\/2025\/03\/ARMINA_85758D_1-150x150.jpg 150w, https:\/\/test.italianbags.lt\/wp-content\/uploads\/2025\/03\/ARMINA_85758D_1-768x768.jpg 768w, https:\/\/test.italianbags.lt\/wp-content\/uploads\/2025\/03\/ARMINA_85758D_1-1536x1536.jpg 1536w, https:\/\/test.italianbags.lt\/wp-content\/uploads\/2025\/03\/ARMINA_85758D_1-2048x2048.jpg 2048w, https:\/\/test.italianbags.lt\/wp-content\/uploads\/2025\/03\/ARMINA_85758D_1-600x600.jpg 600w\" sizes=\"auto, (max-width: 300px) 100vw, 300px\" \/>\t\t<\/a>\n\n\t\t\t\t\t<div class=\"hover-img\">\n\t\t\t\t<a href=\"https:\/\/test.italianbags.lt\/?product=odine-rankine-armina&#038;attribute_spalva=Ro%C5%BEin%C4%97\" aria-label=\"Product image\">\n\t\t\t\t\t<img loading=\"lazy\" decoding=\"async\" width=\"300\" height=\"300\" src=\"https:\/\/test.italianbags.lt\/wp-content\/uploads\/2025\/03\/ARMINA_85758D_11-300x300.jpg\" class=\"attachment-woocommerce_thumbnail size-woocommerce_thumbnail wvs-archive-product-image\" alt=\"\" srcset=\"https:\/\/test.italianbags.lt\/wp-content\/uploads\/2025\/03\/ARMINA_85758D_11-300x300.jpg 300w, https:\/\/test.italianbags.lt\/wp-content\/uploads\/2025\/03\/ARMINA_85758D_11-1024x1024.jpg 1024w, https:\/\/test.italianbags.lt\/wp-content\/uploads\/2025\/03\/ARMINA_85758D_11-150x150.jpg 150w, https:\/\/test.italianbags.lt\/wp-content\/uploads\/2025\/03\/ARMINA_85758D_11-768x768.jpg 768w, https:\/\/test.italianbags.lt\/wp-content\/uploads\/2025\/03\/ARMINA_85758D_11-1536x1536.jpg 1536w, https:\/\/test.italianbags.lt\/wp-content\/uploads\/2025\/03\/ARMINA_85758D_11-2048x2048.jpg 2048w, https:\/\/test.italianbags.lt\/wp-content\/uploads\/2025\/03\/ARMINA_85758D_11-600x600.jpg 600w\" sizes=\"auto, (max-width: 300px) 100vw, 300px\" \/>\t\t\t\t<\/a>\n\t\t\t<\/div>\n\t\t\t\n\t\t<div class=\"wrapp-swatches\">\t\t<div class=\"wd-compare-btn product-compare-button wd-action-btn wd-style-icon wd-compare-icon\">\n\t\t\t<a href=\"https:\/\/test.italianbags.lt\/?product=odine-rankine-armina&#038;attribute_spalva=Ro%C5%BEin%C4%97\" data-id=\"882\" rel=\"nofollow\" data-added-text=\"Compare products\">\n\t\t\t\t<span>Compare<\/span>\n\t\t\t<\/a>\n\t\t<\/div>\n\t\t<\/div>\n\n\t<\/div>\n\n\t<div class=\"product-element-bottom product-information\">\n\t\t<h3 class=\"wd-entities-title\"><a href=\"https:\/\/test.italianbags.lt\/?product=odine-rankine-armina&attribute_spalva=Ro%C5%BEin%C4%97\">Odin\u0117 rankin\u0117 ARMINA &#8211; Ro\u017ein\u0117<\/a><\/h3>\t\t\t\t<div class=\"wd-product-cats\">\n\t\t\t<a href=\"https:\/\/test.italianbags.lt\/?product_cat=odines-rankines\" rel=\"tag\">Odin\u0117s rankin\u0117s<\/a>\t\t<\/div>\n\t\t\t\t<div class=\"product-rating-price\">\n\t\t\t<div class=\"wrapp-product-price\">\n\t\t\t\t\n\t<span class=\"price\"><span class=\"woocommerce-Price-amount amount\"><bdi><span class=\"woocommerce-Price-currencySymbol\">&#36;<\/span>45.00<\/bdi><\/span><\/span>\n\t\t\t\t\t\t\t<\/div>\n\t\t<\/div>\n\t\t<div class=\"fade-in-block wd-scroll\">\n\t\t\t<div class=\"hover-content wd-more-desc\">\n\t\t\t\t<div class=\"hover-content-inner wd-more-desc-inner\">\n\t\t\t\t\tSpalva: Ro\u017ein\u0117\t\t\t\t<\/div>\n\t\t\t\t<a href=\"#\" rel=\"nofollow\" class=\"wd-more-desc-btn\" aria-label=\"Read more description\"><\/a>\n\t\t\t<\/div>\n\t\t\t<div class=\" wd-bottom-actions\">\n\t\t\t\t<div class=\"wrap-wishlist-button\">\t\t\t<div class=\"wd-wishlist-btn wd-action-btn wd-style-icon wd-wishlist-icon\">\n\t\t\t\t<a class=\"\" href=\"https:\/\/test.italianbags.lt\/?product=odine-rankine-armina&#038;attribute_spalva=Ro%C5%BEin%C4%97\" data-key=\"53224d65a7\" data-product-id=\"882\" rel=\"nofollow\" data-added-text=\"Browse Wishlist\">\n\t\t\t\t\t<span>Add to wishlist<\/span>\n\t\t\t\t<\/a>\n\t\t\t<\/div>\n\t\t<\/div>\n\t\t\t\t<div class=\"wd-add-btn wd-add-btn-replace\">\n\t\t\t\t\t<a href=\"https:\/\/test.italianbags.lt\/?product=odine-rankine-armina&#038;attribute_spalva=Ro%C5%BEin%C4%97&#038;variation_id=882&#038;add-to-cart=870\" aria-describedby=\"woocommerce_loop_add_to_cart_link_describedby_882\" data-quantity=\"1\" class=\"button product_type_variation add_to_cart_button ajax_add_to_cart add-to-cart-loop\" data-product_id=\"882\" data-product_sku=\"\" aria-label=\"Add to cart: &ldquo;Odin\u0117 rankin\u0117 ARMINA - Ro\u017ein\u0117&rdquo;\" rel=\"nofollow\" data-success_message=\"&ldquo;Odin\u0117 rankin\u0117 ARMINA - Ro\u017ein\u0117&rdquo; has been added to your cart\"><span>Add to cart<\/span><\/a>\t<span id=\"woocommerce_loop_add_to_cart_link_describedby_882\" class=\"screen-reader-text\">\n\t\t\t<\/span>\n\t\t\t\t\t\t\t\t\t<\/div>\n\t\t\t\t<div class=\"wrap-quickview-button\">\t\t<div class=\"quick-view wd-action-btn wd-style-icon wd-quick-view-icon\">\n\t\t\t<a\n\t\t\t\thref=\"https:\/\/test.italianbags.lt\/?product=odine-rankine-armina&#038;attribute_spalva=Ro%C5%BEin%C4%97\"\n\t\t\t\tclass=\"open-quick-view quick-view-button\"\n\t\t\t\trel=\"nofollow\"\n\t\t\t\tdata-id=\"882\"\n\t\t\t\tdata-attribute='{\"attribute_spalva\":\"Ro\\u017ein\\u0117\"}'>Quick view<\/a>\n\t\t<\/div>\n\t\t<\/div>\n\t\t\t<\/div>\n\n\n\t\t\t\t\t\t\n\t\t\t\t\t<\/div>\n\t<\/div>\n<\/div>\n<\/div>\n<div class=\"wd-product wd-hover-base wd-hover-with-fade wd-col product-grid-item product product-no-swatches type-product post-884 status-publish first instock has-post-thumbnail shipping-taxable purchasable product-type-variation\" data-loop=\"4\" data-id=\"884\">\n\t\n\t\n<div class=\"product-wrapper\">\n\t<div class=\"content-product-imagin\"><\/div>\n\t<div class=\"product-element-top wd-quick-shop\">\n\t\t<a href=\"https:\/\/test.italianbags.lt\/?product=odine-rankine-armina&#038;attribute_spalva=Ruda\" class=\"product-image-link\">\n\t\t\t<img loading=\"lazy\" decoding=\"async\" width=\"300\" height=\"300\" src=\"https:\/\/test.italianbags.lt\/wp-content\/uploads\/2025\/03\/ARMINA_85758D_33-300x300.jpg\" class=\"attachment-woocommerce_thumbnail size-woocommerce_thumbnail wvs-archive-product-image\" alt=\"\" srcset=\"https:\/\/test.italianbags.lt\/wp-content\/uploads\/2025\/03\/ARMINA_85758D_33-300x300.jpg 300w, https:\/\/test.italianbags.lt\/wp-content\/uploads\/2025\/03\/ARMINA_85758D_33-1024x1024.jpg 1024w, https:\/\/test.italianbags.lt\/wp-content\/uploads\/2025\/03\/ARMINA_85758D_33-150x150.jpg 150w, https:\/\/test.italianbags.lt\/wp-content\/uploads\/2025\/03\/ARMINA_85758D_33-768x768.jpg 768w, https:\/\/test.italianbags.lt\/wp-content\/uploads\/2025\/03\/ARMINA_85758D_33-1536x1536.jpg 1536w, https:\/\/test.italianbags.lt\/wp-content\/uploads\/2025\/03\/ARMINA_85758D_33-2048x2048.jpg 2048w, https:\/\/test.italianbags.lt\/wp-content\/uploads\/2025\/03\/ARMINA_85758D_33-600x600.jpg 600w\" sizes=\"auto, (max-width: 300px) 100vw, 300px\" \/>\t\t<\/a>\n\n\t\t\t\t\t<div class=\"hover-img\">\n\t\t\t\t<a href=\"https:\/\/test.italianbags.lt\/?product=odine-rankine-armina&#038;attribute_spalva=Ruda\" aria-label=\"Product image\">\n\t\t\t\t\t<img loading=\"lazy\" decoding=\"async\" width=\"300\" height=\"300\" src=\"https:\/\/test.italianbags.lt\/wp-content\/uploads\/2025\/03\/ARMINA_85758D_32-300x300.jpg\" class=\"attachment-woocommerce_thumbnail size-woocommerce_thumbnail wvs-archive-product-image\" alt=\"\" srcset=\"https:\/\/test.italianbags.lt\/wp-content\/uploads\/2025\/03\/ARMINA_85758D_32-300x300.jpg 300w, https:\/\/test.italianbags.lt\/wp-content\/uploads\/2025\/03\/ARMINA_85758D_32-1024x1024.jpg 1024w, https:\/\/test.italianbags.lt\/wp-content\/uploads\/2025\/03\/ARMINA_85758D_32-150x150.jpg 150w, https:\/\/test.italianbags.lt\/wp-content\/uploads\/2025\/03\/ARMINA_85758D_32-768x768.jpg 768w, https:\/\/test.italianbags.lt\/wp-content\/uploads\/2025\/03\/ARMINA_85758D_32-1536x1536.jpg 1536w, https:\/\/test.italianbags.lt\/wp-content\/uploads\/2025\/03\/ARMINA_85758D_32-2048x2048.jpg 2048w, https:\/\/test.italianbags.lt\/wp-content\/uploads\/2025\/03\/ARMINA_85758D_32-600x600.jpg 600w\" sizes=\"auto, (max-width: 300px) 100vw, 300px\" \/>\t\t\t\t<\/a>\n\t\t\t<\/div>\n\t\t\t\n\t\t<div class=\"wrapp-swatches\">\t\t<div class=\"wd-compare-btn product-compare-button wd-action-btn wd-style-icon wd-compare-icon\">\n\t\t\t<a href=\"https:\/\/test.italianbags.lt\/?product=odine-rankine-armina&#038;attribute_spalva=Ruda\" data-id=\"884\" rel=\"nofollow\" data-added-text=\"Compare products\">\n\t\t\t\t<span>Compare<\/span>\n\t\t\t<\/a>\n\t\t<\/div>\n\t\t<\/div>\n\n\t<\/div>\n\n\t<div class=\"product-element-bottom product-information\">\n\t\t<h3 class=\"wd-entities-title\"><a href=\"https:\/\/test.italianbags.lt\/?product=odine-rankine-armina&attribute_spalva=Ruda\">Odin\u0117 rankin\u0117 ARMINA &#8211; Ruda<\/a><\/h3>\t\t\t\t<div class=\"wd-product-cats\">\n\t\t\t<a href=\"https:\/\/test.italianbags.lt\/?product_cat=odines-rankines\" rel=\"tag\">Odin\u0117s rankin\u0117s<\/a>\t\t<\/div>\n\t\t\t\t<div class=\"product-rating-price\">\n\t\t\t<div class=\"wrapp-product-price\">\n\t\t\t\t\n\t<span class=\"price\"><span class=\"woocommerce-Price-amount amount\"><bdi><span class=\"woocommerce-Price-currencySymbol\">&#36;<\/span>54.00<\/bdi><\/span><\/span>\n\t\t\t\t\t\t\t<\/div>\n\t\t<\/div>\n\t\t<div class=\"fade-in-block wd-scroll\">\n\t\t\t<div class=\"hover-content wd-more-desc\">\n\t\t\t\t<div class=\"hover-content-inner wd-more-desc-inner\">\n\t\t\t\t\tSpalva: Ruda\t\t\t\t<\/div>\n\t\t\t\t<a href=\"#\" rel=\"nofollow\" class=\"wd-more-desc-btn\" aria-label=\"Read more description\"><\/a>\n\t\t\t<\/div>\n\t\t\t<div class=\" wd-bottom-actions\">\n\t\t\t\t<div class=\"wrap-wishlist-button\">\t\t\t<div class=\"wd-wishlist-btn wd-action-btn wd-style-icon wd-wishlist-icon\">\n\t\t\t\t<a class=\"\" href=\"https:\/\/test.italianbags.lt\/?product=odine-rankine-armina&#038;attribute_spalva=Ruda\" data-key=\"53224d65a7\" data-product-id=\"884\" rel=\"nofollow\" data-added-text=\"Browse Wishlist\">\n\t\t\t\t\t<span>Add to wishlist<\/span>\n\t\t\t\t<\/a>\n\t\t\t<\/div>\n\t\t<\/div>\n\t\t\t\t<div class=\"wd-add-btn wd-add-btn-replace\">\n\t\t\t\t\t<a href=\"https:\/\/test.italianbags.lt\/?product=odine-rankine-armina&#038;attribute_spalva=Ruda&#038;variation_id=884&#038;add-to-cart=870\" aria-describedby=\"woocommerce_loop_add_to_cart_link_describedby_884\" data-quantity=\"1\" class=\"button product_type_variation add_to_cart_button ajax_add_to_cart add-to-cart-loop\" data-product_id=\"884\" data-product_sku=\"\" aria-label=\"Add to cart: &ldquo;Odin\u0117 rankin\u0117 ARMINA - Ruda&rdquo;\" rel=\"nofollow\" data-success_message=\"&ldquo;Odin\u0117 rankin\u0117 ARMINA - Ruda&rdquo; has been added to your cart\"><span>Add to cart<\/span><\/a>\t<span id=\"woocommerce_loop_add_to_cart_link_describedby_884\" class=\"screen-reader-text\">\n\t\t\t<\/span>\n\t\t\t\t\t\t\t\t\t<\/div>\n\t\t\t\t<div class=\"wrap-quickview-button\">\t\t<div class=\"quick-view wd-action-btn wd-style-icon wd-quick-view-icon\">\n\t\t\t<a\n\t\t\t\thref=\"https:\/\/test.italianbags.lt\/?product=odine-rankine-armina&#038;attribute_spalva=Ruda\"\n\t\t\t\tclass=\"open-quick-view quick-view-button\"\n\t\t\t\trel=\"nofollow\"\n\t\t\t\tdata-id=\"884\"\n\t\t\t\tdata-attribute='{\"attribute_spalva\":\"Ruda\"}'>Quick view<\/a>\n\t\t<\/div>\n\t\t<\/div>\n\t\t\t<\/div>\n\n\n\t\t\t\t\t\t\n\t\t\t\t\t<\/div>\n\t<\/div>\n<\/div>\n<\/div>\n\t\t\t<\/div>\n\t\t\t<\/div>[\/vc_column][\/vc_row]<\/p>\n<\/div>","protected":false},"excerpt":{"rendered":"<p>[vc_row][vc_column][\/vc_column][\/vc_row]<\/p>\n","protected":false},"author":1,"featured_media":0,"parent":0,"menu_order":0,"comment_status":"closed","ping_status":"closed","template":"","meta":{"footnotes":""},"class_list":["post-908","page","type-page","status-publish","hentry"],"_links":{"self":[{"href":"https:\/\/test.italianbags.lt\/index.php?rest_route=\/wp\/v2\/pages\/908","targetHints":{"allow":["GET"]}}],"collection":[{"href":"https:\/\/test.italianbags.lt\/index.php?rest_route=\/wp\/v2\/pages"}],"about":[{"href":"https:\/\/test.italianbags.lt\/index.php?rest_route=\/wp\/v2\/types\/page"}],"author":[{"embeddable":true,"href":"https:\/\/test.italianbags.lt\/index.php?rest_route=\/wp\/v2\/users\/1"}],"replies":[{"embeddable":true,"href":"https:\/\/test.italianbags.lt\/index.php?rest_route=%2Fwp%2Fv2%2Fcomments&post=908"}],"version-history":[{"count":1,"href":"https:\/\/test.italianbags.lt\/index.php?rest_route=\/wp\/v2\/pages\/908\/revisions"}],"predecessor-version":[{"id":909,"href":"https:\/\/test.italianbags.lt\/index.php?rest_route=\/wp\/v2\/pages\/908\/revisions\/909"}],"wp:attachment":[{"href":"https:\/\/test.italianbags.lt\/index.php?rest_route=%2Fwp%2Fv2%2Fmedia&parent=908"}],"curies":[{"name":"wp","href":"https:\/\/api.w.org\/{rel}","templated":true}]}}